{"id":54,"date":"2021-05-11T13:52:06","date_gmt":"2021-05-11T11:52:06","guid":{"rendered":"http:\/\/spradzanowo.pl\/?page_id=54"},"modified":"2022-05-13T08:44:20","modified_gmt":"2022-05-13T06:44:20","slug":"mms","status":"publish","type":"page","link":"https:\/\/spradzanowo.pl\/?page_id=54","title":{"rendered":"SPORT"},"content":{"rendered":"<p>[et_pb_section fb_built=&#8221;1&#8243; _builder_version=&#8221;4.7.5&#8243; _module_preset=&#8221;default&#8221;][et_pb_row _builder_version=&#8221;4.7.5&#8243; _module_preset=&#8221;default&#8221;][et_pb_column type=&#8221;4_4&#8243; _builder_version=&#8221;4.7.5&#8243; _module_preset=&#8221;default&#8221;][et_pb_text _builder_version=&#8221;4.7.5&#8243; _module_preset=&#8221;default&#8221; text_font=&#8221;Alfa Slab One||||||||&#8221; text_text_color=&#8221;#8300e9&#8243; text_letter_spacing=&#8221;2px&#8221; text_line_height=&#8221;1.8em&#8221; header_text_color=&#8221;#000000&#8243; text_orientation=&#8221;center&#8221; text_text_shadow_style=&#8221;preset3&#8243; text_text_shadow_horizontal_length=&#8221;0.59em&#8221; text_text_shadow_vertical_length=&#8221;0.44em&#8221; text_text_shadow_blur_strength=&#8221;0.8em&#8221; text_text_shadow_color=&#8221;#df52ff&#8221;]<\/p>\n<h1 style=\"text-align: center;\"><strong><span style=\"color: #800080;\">OSI\u0104GNI\u0118CIA SPORTOWE UCZNI\u00d3W<\/span><\/strong><\/h1>\n<p>[\/et_pb_text][\/et_pb_column][\/et_pb_row][et_pb_row _builder_version=&#8221;4.7.5&#8243; _module_preset=&#8221;default&#8221; hover_enabled=&#8221;0&#8243; sticky_enabled=&#8221;0&#8243;][et_pb_column type=&#8221;4_4&#8243; _builder_version=&#8221;4.7.5&#8243; _module_preset=&#8221;default&#8221;][et_pb_blog posts_number=&#8221;0&#8243; include_categories=&#8221;14&#8243; _builder_version=&#8221;4.7.5&#8243; _module_preset=&#8221;default&#8221; hover_enabled=&#8221;0&#8243; excerpt_length=&#8221;100&#8243; show_more=&#8221;on&#8221; sticky_enabled=&#8221;0&#8243;][\/et_pb_blog][\/et_pb_column][\/et_pb_row][\/et_pb_section]<\/p>\n","protected":false},"excerpt":{"rendered":"<p>[et_pb_section fb_built=&#8221;1&#8243; _builder_version=&#8221;4.7.5&#8243; _module_preset=&#8221;default&#8221;][et_pb_row _builder_version=&#8221;4.7.5&#8243; _module_preset=&#8221;default&#8221;][et_pb_column type=&#8221;4_4&#8243; _builder_version=&#8221;4.7.5&#8243; _module_preset=&#8221;default&#8221;][et_pb_text _builder_version=&#8221;4.7.5&#8243; _module_preset=&#8221;default&#8221; text_font=&#8221;Alfa Slab One||||||||&#8221; text_text_color=&#8221;#8300e9&#8243; text_letter_spacing=&#8221;2px&#8221; text_line_height=&#8221;1.8em&#8221; header_text_color=&#8221;#000000&#8243; text_orientation=&#8221;center&#8221; text_text_shadow_style=&#8221;preset3&#8243; text_text_shadow_horizontal_length=&#8221;0.59em&#8221; text_text_shadow_vertical_length=&#8221;0.44em&#8221; text_text_shadow_blur_strength=&#8221;0.8em&#8221; text_text_shadow_color=&#8221;#df52ff&#8221;] OSI\u0104GNI\u0118CIA SPORTOWE UCZNI\u00d3W [\/et_pb_text][\/et_pb_column][\/et_pb_row][et_pb_row _builder_version=&#8221;4.7.5&#8243; _module_preset=&#8221;default&#8221; hover_enabled=&#8221;0&#8243; sticky_enabled=&#8221;0&#8243;][et_pb_column type=&#8221;4_4&#8243; _builder_version=&#8221;4.7.5&#8243; _module_preset=&#8221;default&#8221;][et_pb_blog posts_number=&#8221;0&#8243; include_categories=&#8221;14&#8243; _builder_version=&#8221;4.7.5&#8243; _module_preset=&#8221;default&#8221; hover_enabled=&#8221;0&#8243; excerpt_length=&#8221;100&#8243; show_more=&#8221;on&#8221; sticky_enabled=&#8221;0&#8243;][\/et_pb_blog][\/et_pb_column][\/et_pb_row][\/et_pb_section]<\/p>\n","protected":false},"author":1,"featured_media":0,"parent":0,"menu_order":0,"comment_status":"closed","ping_status":"closed","template":"","meta":{"_et_pb_use_builder":"on","_et_pb_old_content":"<!-- wp:divi\/placeholder \/-->","_et_gb_content_width":"","footnotes":""},"class_list":["post-54","page","type-page","status-publish","hentry"],"_links":{"self":[{"href":"https:\/\/spradzanowo.pl\/index.php?rest_route=\/wp\/v2\/pages\/54","targetHints":{"allow":["GET"]}}],"collection":[{"href":"https:\/\/spradzanowo.pl\/index.php?rest_route=\/wp\/v2\/pages"}],"about":[{"href":"https:\/\/spradzanowo.pl\/index.php?rest_route=\/wp\/v2\/types\/page"}],"author":[{"embeddable":true,"href":"https:\/\/spradzanowo.pl\/index.php?rest_route=\/wp\/v2\/users\/1"}],"replies":[{"embeddable":true,"href":"https:\/\/spradzanowo.pl\/index.php?rest_route=%2Fwp%2Fv2%2Fcomments&post=54"}],"version-history":[{"count":8,"href":"https:\/\/spradzanowo.pl\/index.php?rest_route=\/wp\/v2\/pages\/54\/revisions"}],"predecessor-version":[{"id":1720,"href":"https:\/\/spradzanowo.pl\/index.php?rest_route=\/wp\/v2\/pages\/54\/revisions\/1720"}],"wp:attachment":[{"href":"https:\/\/spradzanowo.pl\/index.php?rest_route=%2Fwp%2Fv2%2Fmedia&parent=54"}],"curies":[{"name":"wp","href":"https:\/\/api.w.org\/{rel}","templated":true}]}}